{"id":223,"date":"2019-02-08T09:05:05","date_gmt":"2019-02-08T07:05:05","guid":{"rendered":"http:\/\/wp13320786.server-he.de\/?page_id=223"},"modified":"2019-02-08T11:30:58","modified_gmt":"2019-02-08T09:30:58","slug":"impressum","status":"publish","type":"page","link":"https:\/\/tveuropabad-marbach.de\/?page_id=223","title":{"rendered":"Impressum"},"content":{"rendered":"<div class=\"fusion-fullwidth fullwidth-box fusion-parallax-none nonhundred-percent-fullwidth hundred-percent-height non-hundred-percent-height-scrolling\"  style='background-color: rgba(255,255,255,0);background-image: url(\"http:\/\/tveuropabad-marbach.de\/wp-952f1-content\/uploads\/2019\/02\/postbox-3903569_1920.jpg\");background-position: center center;background-repeat: no-repeat;padding-top:5%;padding-right:0px;padding-bottom:3%;padding-left:0px;-webkit-background-size:cover;-moz-background-size:cover;-o-background-size:cover;background-size:cover;'><div class=\"fusion-builder-row fusion-row \"><div  class=\"fusion-layout-column fusion_builder_column fusion_builder_column_1_2  fusion-one-half fusion-column-first fusion-blend-mode 1_2\"  style='margin-top:0px;margin-bottom:20px;width:50%;width:calc(50% - ( ( 4% ) * 0.5 ) );margin-right: 4%;'>\n\t\t\t\t\t<div class=\"fusion-column-wrapper\" style=\"background-color:rgba(0,0,0,0.72);padding: 15px 25px 15px 25px;background-position:left top;background-repeat:no-repeat;-webkit-background-size:cover;-moz-background-size:cover;-o-background-size:cover;background-size:cover;\"   data-bg-url=\"\">\n\t\t\t\t\t\t<div class=\"fusion-text\"><h2>Kontaktdetails<\/h2>\n<\/div><div class=\"fusion-text\"><p>TV Europabad Marbach e.V.<br \/>\nEuropabadstr. 8<br \/>\n35041 Marburg<\/p>\n<p>Tel.: 0163 &#8211; 440 3 442<\/p>\n<\/div><div class=\"fusion-clearfix\"><\/div>\n\n\t\t\t\t\t<\/div>\n\t\t\t\t<\/div><div  class=\"fusion-layout-column fusion_builder_column fusion_builder_column_1_2  fusion-one-half fusion-column-last fusion-blend-mode 1_2\"  style='margin-top:0px;margin-bottom:20px;width:50%;width:calc(50% - ( ( 4% ) * 0.5 ) );'>\n\t\t\t\t\t<div class=\"fusion-column-wrapper\" style=\"background-color:rgba(0,0,0,0.73);padding: 15px 25px 15px 25px;background-position:left top;background-repeat:no-repeat;-webkit-background-size:cover;-moz-background-size:cover;-o-background-size:cover;background-size:cover;\"   data-bg-url=\"\">\n\t\t\t\t\t\t<div class=\"fusion-text\"><h2>Rechtliche Hinweise<\/h2>\n<\/div><div class=\"fusion-text\"><p>Linksetzungen, welche auf die Inhalte der vorliegenden Website verweisen, bed\u00fcrfen der Zustimmung des Seitenbetreibers. Eine solche Zustimmung ist bei jeder grundlegenden Ver\u00e4nderung des Webseiteninhaltes neu zu beantragen, sie kann jederzeit formlos widerrufen werden. Eine Verlinkung auf illegale, anst\u00f6\u00dfige, irref\u00fchrende, diffamierende oder nicht jugendfreie Inhalte ist in jedem Fall ausgeschlossen. Die Inhalte unserer Webseite werden mit gr\u00f6\u00dfter Sorgfalt erstellt.<\/p>\n<p>Dennoch kann keine Garantie f\u00fcr Aktualit\u00e4t und Vollst\u00e4ndigkeit \u00fcbernommen werden. F\u00fcr alle mittels Querverweis (Link) verbundenen Webinhalte \u00fcbernimmt der Seitenbetreiber keine Verantwortung, da es sich dabei um keine eigenen Inhalte handelt. Externe Links wurden auf rechtswidrige Inhalte \u00fcberpr\u00fcft, zum jeweiligen Zeitpunkt waren solche nicht erkennbar. Bez\u00fcglich fremder Inhalte besteht jedoch keine allgemeine \u00dcberwachungs- und Pr\u00fcfungspflicht. Aufgef\u00fchrte Warenzeichen und Markennamen sind Eigentum ihrer jeweiligen Inhaber.<\/p>\n<\/div><div class=\"fusion-clearfix\"><\/div>\n\n\t\t\t\t\t<\/div>\n\t\t\t\t<\/div><\/div><\/div>\n","protected":false},"excerpt":{"rendered":"","protected":false},"author":1,"featured_media":0,"parent":0,"menu_order":0,"comment_status":"closed","ping_status":"closed","template":"100-width.php","meta":{"footnotes":""},"_links":{"self":[{"href":"https:\/\/tveuropabad-marbach.de\/index.php?rest_route=\/wp\/v2\/pages\/223"}],"collection":[{"href":"https:\/\/tveuropabad-marbach.de\/index.php?rest_route=\/wp\/v2\/pages"}],"about":[{"href":"https:\/\/tveuropabad-marbach.de\/index.php?rest_route=\/wp\/v2\/types\/page"}],"author":[{"embeddable":true,"href":"https:\/\/tveuropabad-marbach.de\/index.php?rest_route=\/wp\/v2\/users\/1"}],"replies":[{"embeddable":true,"href":"https:\/\/tveuropabad-marbach.de\/index.php?rest_route=%2Fwp%2Fv2%2Fcomments&post=223"}],"version-history":[{"count":10,"href":"https:\/\/tveuropabad-marbach.de\/index.php?rest_route=\/wp\/v2\/pages\/223\/revisions"}],"predecessor-version":[{"id":259,"href":"https:\/\/tveuropabad-marbach.de\/index.php?rest_route=\/wp\/v2\/pages\/223\/revisions\/259"}],"wp:attachment":[{"href":"https:\/\/tveuropabad-marbach.de\/index.php?rest_route=%2Fwp%2Fv2%2Fmedia&parent=223"}],"curies":[{"name":"wp","href":"https:\/\/api.w.org\/{rel}","templated":true}]}}